{"id":337,"date":"2021-01-26T15:34:54","date_gmt":"2021-01-26T15:34:54","guid":{"rendered":"https:\/\/gca-ip.it\/?page_id=337"},"modified":"2021-04-07T12:34:33","modified_gmt":"2021-04-07T12:34:33","slug":"who-we-are","status":"publish","type":"page","link":"https:\/\/gca-ip.it\/it\/who-we-are\/","title":{"rendered":"Chi siamo"},"content":{"rendered":"<div data-elementor-type=\"wp-page\" data-elementor-id=\"337\" class=\"elementor elementor-337\" data-elementor-post-type=\"page\">\n\t\t\t\t\t\t<section class=\"elementor-section elementor-top-section elementor-element elementor-element-c3180a6 elementor-section-height-min-height elementor-section-stretched elementor-section-full_width elementor-section-height-default elementor-section-items-middle\" data-id=\"c3180a6\" data-element_type=\"section\" data-e-type=\"section\" data-settings=\"{&quot;stretch_section&quot;:&quot;section-stretched&quot;,&quot;background_background&quot;:&quot;video&quot;,&quot;background_video_link&quot;:&quot;https:\\\/\\\/gca-ip.it\\\/wp-content\\\/uploads\\\/2021\\\/01\\\/People-6387.mp4&quot;,&quot;background_play_on_mobile&quot;:&quot;yes&quot;}\">\n\t\t\t\t\t\t\t\t<div class=\"elementor-background-video-container\">\n\t\t\t\t\t\t\t\t\t\t\t\t\t<video class=\"elementor-background-video-hosted\" role=\"presentation\" autoplay muted playsinline loop><\/video>\n\t\t\t\t\t\t\t\t\t\t\t<\/div>\n\t\t\t\t\t\t\t\t<div class=\"elementor-container elementor-column-gap-default\">\n\t\t\t\t\t<div class=\"elementor-column elementor-col-100 elementor-top-column elementor-element elementor-element-91ed878\" data-id=\"91ed878\" data-element_type=\"column\" data-e-type=\"column\">\n\t\t\t<div class=\"elementor-widget-wrap elementor-element-populated\">\n\t\t\t\t\t\t<div class=\"elementor-element elementor-element-9ec1759 elementor-widget elementor-widget-heading\" data-id=\"9ec1759\" data-element_type=\"widget\" data-e-type=\"widget\" data-widget_type=\"heading.default\">\n\t\t\t\t<div class=\"elementor-widget-container\">\n\t\t\t\t\t<h1 class=\"elementor-heading-title elementor-size-default\">Chi siamo<\/h1>\t\t\t\t<\/div>\n\t\t\t\t<\/div>\n\t\t\t\t<div class=\"elementor-element elementor-element-80f2a71 elementor-widget-divider--view-line elementor-widget elementor-widget-divider\" data-id=\"80f2a71\" data-element_type=\"widget\" data-e-type=\"widget\" data-widget_type=\"divider.default\">\n\t\t\t\t<div class=\"elementor-widget-container\">\n\t\t\t\t\t\t\t<div class=\"elementor-divider\">\n\t\t\t<span class=\"elementor-divider-separator\">\n\t\t\t\t\t\t<\/span>\n\t\t<\/div>\n\t\t\t\t\t\t<\/div>\n\t\t\t\t<\/div>\n\t\t\t\t\t<\/div>\n\t\t<\/div>\n\t\t\t\t\t<\/div>\n\t\t<\/section>\n\t\t\t\t<section class=\"elementor-section elementor-top-section elementor-element elementor-element-9532c74 elementor-section-boxed elementor-section-height-default elementor-section-height-default\" data-id=\"9532c74\" data-element_type=\"section\" data-e-type=\"section\" data-settings=\"{&quot;background_background&quot;:&quot;classic&quot;}\">\n\t\t\t\t\t\t<div class=\"elementor-container elementor-column-gap-default\">\n\t\t\t\t\t<div class=\"elementor-column elementor-col-100 elementor-top-column elementor-element elementor-element-71d2f23\" data-id=\"71d2f23\" data-element_type=\"column\" data-e-type=\"column\">\n\t\t\t<div class=\"elementor-widget-wrap elementor-element-populated\">\n\t\t\t\t\t\t<div class=\"elementor-element elementor-element-854e51b elementor-widget elementor-widget-heading\" data-id=\"854e51b\" data-element_type=\"widget\" data-e-type=\"widget\" data-widget_type=\"heading.default\">\n\t\t\t\t<div class=\"elementor-widget-container\">\n\t\t\t\t\t<h2 class=\"elementor-heading-title elementor-size-default\">Fondata solo nel 2016, ma conta gi\u00e0 oltre 30 anni di esperienza<\/h2>\t\t\t\t<\/div>\n\t\t\t\t<\/div>\n\t\t\t\t<div class=\"elementor-element elementor-element-4d44ffd elementor-widget elementor-widget-text-editor\" data-id=\"4d44ffd\" data-element_type=\"widget\" data-e-type=\"widget\" data-widget_type=\"text-editor.default\">\n\t\t\t\t<div class=\"elementor-widget-container\">\n\t\t\t\t\t\t\t\t\t<p>GCA \u00e8 il risultato di una scelta compiuta da avvocati e professionisti nel settore della propriet\u00e0 intellettuale.<\/p><p>I professionisti di GCA, infatti, hanno deciso di unire la loro specifica esperienza nel campo legato all'innovazione e ai suoi diritti per fornire una nuova soluzione ai loro Clienti, consapevoli di poter offrire loro un approccio pratico e funzionale.<\/p><p>GCA assiste e consiglia i Clienti nazionali ed internazionali in tutto il percorso di un diritto di propriet\u00e0 intellettuale: a partire dal processo di deposito delle domande di titoli IP (dai brevetti ai marchi e modelli), alla prosecuzione e difesa dei diritti intellettuali e delle loro creazioni, sia in Italia che all'estero (in particolare nell'Unione Europea). In GCA assistiamo i nostri Clienti anche nello sviluppo delle loro strategie di sviluppo delle innovazioni che intendono presentare al mercato, oltre che della tutela delle stesse, infatti, vengono anche realizzate strategie attraverso altre modalit\u00e0 di protezione delle invenzioni tecniche per consentire l'attuazione della strategia corporate nel suo complesso, nel modo pi\u00f9 appropriato e grazie ad un approccio sartoriale. Con sede a Modena, i consulenti europei in materia di brevetti e marchi di GCA offrono ai nostri Clienti tutte le competenze tecniche e legali all'interno dello stesso ufficio sempre con una reattivit\u00e0 adeguata alle loro esigenze. La rete di associati internazionali con cui GCA ha un rapporto speciale ci permette di soddisfare le esigenze dei nostri Clienti in tutti i Paesi. In particolare, sono stati stabiliti legami specifici con la Cina e un consulente interno cinese \u00e8 dedicato alla regione asiatica<\/p>\t\t\t\t\t\t\t\t<\/div>\n\t\t\t\t<\/div>\n\t\t\t\t\t<\/div>\n\t\t<\/div>\n\t\t\t\t\t<\/div>\n\t\t<\/section>\n\t\t\t\t<section class=\"elementor-section elementor-top-section elementor-element elementor-element-5cf03b4 elementor-section-boxed elementor-section-height-default elementor-section-height-default\" data-id=\"5cf03b4\" data-element_type=\"section\" data-e-type=\"section\">\n\t\t\t\t\t\t<div class=\"elementor-container elementor-column-gap-default\">\n\t\t\t\t\t<div class=\"elementor-column elementor-col-100 elementor-top-column elementor-element elementor-element-42953f0\" data-id=\"42953f0\" data-element_type=\"column\" data-e-type=\"column\">\n\t\t\t<div class=\"elementor-widget-wrap elementor-element-populated\">\n\t\t\t\t\t\t<section class=\"elementor-section elementor-inner-section elementor-element elementor-element-fb926ee elementor-section-boxed elementor-section-height-default elementor-section-height-default\" data-id=\"fb926ee\" data-element_type=\"section\" data-e-type=\"section\">\n\t\t\t\t\t\t<div class=\"elementor-container elementor-column-gap-default\">\n\t\t\t\t\t<div class=\"elementor-column elementor-col-100 elementor-inner-column elementor-element elementor-element-8131f96\" data-id=\"8131f96\" data-element_type=\"column\" data-e-type=\"column\">\n\t\t\t<div class=\"elementor-widget-wrap elementor-element-populated\">\n\t\t\t\t\t\t<div class=\"elementor-element elementor-element-e6d886f elementor-widget elementor-widget-heading\" data-id=\"e6d886f\" data-element_type=\"widget\" data-e-type=\"widget\" data-widget_type=\"heading.default\">\n\t\t\t\t<div class=\"elementor-widget-container\">\n\t\t\t\t\t<h2 class=\"elementor-heading-title elementor-size-default\">LA NOSTRA MISSION \u00c8 LA TUA VISION<\/h2>\t\t\t\t<\/div>\n\t\t\t\t<\/div>\n\t\t\t\t<div class=\"elementor-element elementor-element-b1df218 elementor-widget elementor-widget-text-editor\" data-id=\"b1df218\" data-element_type=\"widget\" data-e-type=\"widget\" data-widget_type=\"text-editor.default\">\n\t\t\t\t<div class=\"elementor-widget-container\">\n\t\t\t\t\t\t\t\t\t<p>L'economia globale \u00e8 ogni giorno sempre pi\u00f9 competitiva e presenta sempre pi\u00f9 concorrenza, anche trasversale, nei settori di competenza. Mai come oggi risulta necessario che la visione di una realt\u00e0 che compete nel mercato globale sia sempre pi\u00f9 precisa e decisiva per imporre la propria presenza con sempre maggior velocit\u00e0 di risposta. Il solo modo per farlo \u00e8 attraverso l'innovazione.<\/p><p>\u00c8 proprio in questo contesto che GCA si affianca ad ogni Cliente per sostenerlo nel modo pi\u00f9 funzionale possibile a raggiungere il risultato preposto.<\/p><p>GCA offre questo servizio basandosi su due pilastri fondamentali: capire le necessit\u00e0 del Cliente, conoscere il contesto economico e tecnologico globale. GCA fa tutto questo, sempre un passo avanti agli altri.<\/p>\t\t\t\t\t\t\t\t<\/div>\n\t\t\t\t<\/div>\n\t\t\t\t\t<\/div>\n\t\t<\/div>\n\t\t\t\t\t<\/div>\n\t\t<\/section>\n\t\t\t\t\t<\/div>\n\t\t<\/div>\n\t\t\t\t\t<\/div>\n\t\t<\/section>\n\t\t\t\t<section class=\"elementor-section elementor-top-section elementor-element elementor-element-5aedde6 elementor-section-height-min-height elementor-section-boxed elementor-section-height-default elementor-section-items-middle\" data-id=\"5aedde6\" data-element_type=\"section\" data-e-type=\"section\" data-settings=\"{&quot;background_background&quot;:&quot;classic&quot;}\">\n\t\t\t\t\t\t\t<div class=\"elementor-background-overlay\"><\/div>\n\t\t\t\t\t\t\t<div class=\"elementor-container elementor-column-gap-default\">\n\t\t\t\t\t<div class=\"elementor-column elementor-col-100 elementor-top-column elementor-element elementor-element-4d3a512\" data-id=\"4d3a512\" data-element_type=\"column\" data-e-type=\"column\">\n\t\t\t<div class=\"elementor-widget-wrap elementor-element-populated\">\n\t\t\t\t\t\t<div class=\"elementor-element elementor-element-535a308 elementor-widget elementor-widget-heading\" data-id=\"535a308\" data-element_type=\"widget\" data-e-type=\"widget\" data-widget_type=\"heading.default\">\n\t\t\t\t<div class=\"elementor-widget-container\">\n\t\t\t\t\t<h2 class=\"elementor-heading-title elementor-size-default\">Troviamo le migliori soluzioni per i vostri titoli di propriet\u00e0 intellettuale<\/h2>\t\t\t\t<\/div>\n\t\t\t\t<\/div>\n\t\t\t\t<div class=\"elementor-element elementor-element-95322b1 elementor-align-center elementor-widget elementor-widget-button\" data-id=\"95322b1\" data-element_type=\"widget\" data-e-type=\"widget\" data-widget_type=\"button.default\">\n\t\t\t\t<div class=\"elementor-widget-container\">\n\t\t\t\t\t\t\t\t\t<div class=\"elementor-button-wrapper\">\n\t\t\t\t\t<a class=\"elementor-button elementor-button-link elementor-size-sm\" href=\"https:\/\/gca-ip.it\/contacts\/\">\n\t\t\t\t\t\t<span class=\"elementor-button-content-wrapper\">\n\t\t\t\t\t\t\t\t\t<span class=\"elementor-button-text\">Contattaci<\/span>\n\t\t\t\t\t<\/span>\n\t\t\t\t\t<\/a>\n\t\t\t\t<\/div>\n\t\t\t\t\t\t\t\t<\/div>\n\t\t\t\t<\/div>\n\t\t\t\t\t<\/div>\n\t\t<\/div>\n\t\t\t\t\t<\/div>\n\t\t<\/section>\n\t\t\t\t<\/div>","protected":false},"excerpt":{"rendered":"<p>Who We Are Founded only in 2016, yet already counting on more than 30 years of experience GCA resulted from the decision of attorneys and in-house counsel to merge their unique experience and approach in a new solution for their Clients. GCA, indeed, offers all the benefits of a Full-Service intellectual property law firm. GCA [&hellip;]<\/p>\n","protected":false},"author":2,"featured_media":0,"parent":0,"menu_order":0,"comment_status":"closed","ping_status":"closed","template":"","meta":{"footnotes":""},"class_list":["post-337","page","type-page","status-publish","hentry"],"_links":{"self":[{"href":"https:\/\/gca-ip.it\/it\/wp-json\/wp\/v2\/pages\/337","targetHints":{"allow":["GET"]}}],"collection":[{"href":"https:\/\/gca-ip.it\/it\/wp-json\/wp\/v2\/pages"}],"about":[{"href":"https:\/\/gca-ip.it\/it\/wp-json\/wp\/v2\/types\/page"}],"author":[{"embeddable":true,"href":"https:\/\/gca-ip.it\/it\/wp-json\/wp\/v2\/users\/2"}],"replies":[{"embeddable":true,"href":"https:\/\/gca-ip.it\/it\/wp-json\/wp\/v2\/comments?post=337"}],"version-history":[{"count":47,"href":"https:\/\/gca-ip.it\/it\/wp-json\/wp\/v2\/pages\/337\/revisions"}],"predecessor-version":[{"id":1179,"href":"https:\/\/gca-ip.it\/it\/wp-json\/wp\/v2\/pages\/337\/revisions\/1179"}],"wp:attachment":[{"href":"https:\/\/gca-ip.it\/it\/wp-json\/wp\/v2\/media?parent=337"}],"curies":[{"name":"wp","href":"https:\/\/api.w.org\/{rel}","templated":true}]}}